{"id":177,"date":"2025-12-17T11:13:32","date_gmt":"2025-12-17T11:13:32","guid":{"rendered":"https:\/\/kalwariamtb.bckl.cc\/?page_id=177"},"modified":"2026-03-26T19:14:12","modified_gmt":"2026-03-26T18:14:12","slug":"o-nas","status":"publish","type":"page","link":"https:\/\/kalwariamtb.bckl.cc\/?page_id=177","title":{"rendered":"O nas"},"content":{"rendered":"\t\t<div data-elementor-type=\"wp-page\" data-elementor-id=\"177\" class=\"elementor elementor-177\" data-elementor-post-type=\"page\">\n\t\t\t\t<div class=\"elementor-element elementor-element-a8b26dd e-flex e-con-boxed e-con e-parent\" data-id=\"a8b26dd\" data-element_type=\"container\" data-e-type=\"container\" data-settings=\"{&quot;background_background&quot;:&quot;classic&quot;,&quot;shape_divider_top&quot;:&quot;pyramids&quot;,&quot;shape_divider_bottom&quot;:&quot;pyramids&quot;}\">\n\t\t\t\t\t<div class=\"e-con-inner\">\n\t\t\t\t<div class=\"elementor-shape elementor-shape-top\" aria-hidden=\"true\" data-negative=\"false\">\n\t\t\t<svg xmlns=\"http:\/\/www.w3.org\/2000\/svg\" viewBox=\"0 0 1000 100\" preserveAspectRatio=\"none\">\n\t<path class=\"elementor-shape-fill\" d=\"M761.9,44.1L643.1,27.2L333.8,98L0,3.8V0l1000,0v3.9\"\/>\n<\/svg>\t\t<\/div>\n\t\t\t\t<div class=\"elementor-shape elementor-shape-bottom\" aria-hidden=\"true\" data-negative=\"false\">\n\t\t\t<svg xmlns=\"http:\/\/www.w3.org\/2000\/svg\" viewBox=\"0 0 1000 100\" preserveAspectRatio=\"none\">\n\t<path class=\"elementor-shape-fill\" d=\"M761.9,44.1L643.1,27.2L333.8,98L0,3.8V0l1000,0v3.9\"\/>\n<\/svg>\t\t<\/div>\n\t\t\t\t<div class=\"elementor-element elementor-element-37fd984 elementor-hidden-mobile elementor-invisible elementor-widget elementor-widget-text-editor\" data-id=\"37fd984\" data-element_type=\"widget\" data-e-type=\"widget\" data-settings=\"{&quot;_animation&quot;:&quot;fadeInLeft&quot;}\" data-widget_type=\"text-editor.default\">\n\t\t\t\t\t\t\t\t\t<h5>Kolarski Klub Sportowy Bicykl Piaseczno<\/h5>\t\t\t\t\t\t\t\t<\/div>\n\t\t\t\t<div class=\"elementor-element elementor-element-8834ee8 elementor-hidden-desktop elementor-hidden-tablet elementor-invisible elementor-widget elementor-widget-text-editor\" data-id=\"8834ee8\" data-element_type=\"widget\" data-e-type=\"widget\" data-settings=\"{&quot;_animation&quot;:&quot;fadeInDown&quot;,&quot;_animation_mobile&quot;:&quot;fadeInLeft&quot;}\" data-widget_type=\"text-editor.default\">\n\t\t\t\t\t\t\t\t\t<h5>Kolarski Klub Sportowy Bicykl Piaseczno<\/h5>\t\t\t\t\t\t\t\t<\/div>\n\t\t\t\t<div class=\"elementor-element elementor-element-9c3930c animated-slow elementor-widget__width-inherit elementor-invisible elementor-widget elementor-widget-text-editor\" data-id=\"9c3930c\" data-element_type=\"widget\" data-e-type=\"widget\" data-settings=\"{&quot;_animation&quot;:&quot;fadeIn&quot;}\" data-widget_type=\"text-editor.default\">\n\t\t\t\t\t\t\t\t\t<p data-start=\"829\" data-end=\"1084\">Jeste\u015bmy stowarzyszeniem dzia\u0142aj\u0105cym w ramach <a href=\"https:\/\/bckl.cc\/\" target=\"_blank\" rel=\"noopener\"><strong>Sportowego Klubu Kolarskiego Bicykl Piaseczno<\/strong><\/a>, zrzeszaj\u0105cego pasjonat\u00f3w kolarstwa szosowego, g\u00f3rskiego oraz gravelowego. Od lat aktywnie <strong>dzia\u0142amy lokalnie na terenie gmin Piaseczno i G\u00f3ra Kalwaria<\/strong>, promuj\u0105c kolarstwo i aktywny tryb \u017cycia. Aktywizujemy lokaln\u0105 spo\u0142eczno\u015b\u0107 kolarsk\u0105, organizuj\u0105c regularne wsp\u00f3lne treningi \u2013 m.in. szosow\u0105 <strong>Bicyklow\u0105 \u015arod\u0119<\/strong>\u00a0oraz <strong>Wtorkowy Gravel i MTB<\/strong> \u2013 kt\u00f3re ciesz\u0105 si\u0119 du\u017cym zainteresowaniem i sta\u0142ym gronem uczestnik\u00f3w. Nasi zawodnicy startuj\u0105 w licznych imprezach i cyklach kolarskich w ca\u0142ej Polsce, takich jak Poland Bike, Mazovia, \u017bTC, MTB Cross Maraton, a tak\u017ce w maratonach ultra.<\/p><p data-start=\"829\" data-end=\"1084\">Wa\u017cnym elementem naszej dzia\u0142alno\u015bci jest r\u00f3wnie\u017c <strong>szk\u00f3\u0142ka kolarska Bicykl Junior<\/strong>, w ramach kt\u00f3rej prowadzimy zaj\u0119cia dla dzieci i m\u0142odzie\u017cy. Nasi podopieczni z powodzeniem bior\u0105 udzia\u0142 w zawodach kolarskich, zdobywaj\u0105c pierwsze sportowe do\u015bwiadczenia. Organizujemy tak\u017ce <strong>wyjazdowe campy treningowo-szkoleniowe<\/strong> \u2013 zar\u00f3wno na terenie kraju, jak i za granic\u0105 \u2013 skierowane do zawodnik\u00f3w o r\u00f3\u017cnym poziomie zaawansowania. Od kilku lat zajmujemy si\u0119 r\u00f3wnie\u017c organizacj\u0105 wydarze\u0144 sportowych. W tym roku po raz trzeci jeste\u015bmy organizatorem dw\u00f3ch wy\u015bcig\u00f3w: <a href=\"https:\/\/puchar.bckl.cc\/\" target=\"_blank\" rel=\"noopener\"><strong>Pucharu Piaseczna XC<\/strong><\/a> oraz <a href=\"https:\/\/baranek.bckl.cc\/\" target=\"_blank\" rel=\"noopener\"><strong>Piaseczy\u0144skiego Baranka<\/strong><\/a> \u2013 szosowego wy\u015bcigu ultra na dystansie 200 km, rozgrywanego na terenie naszego powiatu.<\/p>\t\t\t\t\t\t\t\t<\/div>\n\t\t<div class=\"elementor-element elementor-element-baddb76 e-con-full e-flex e-con e-child\" data-id=\"baddb76\" data-element_type=\"container\" data-e-type=\"container\">\n\t\t\t\t<div class=\"elementor-element elementor-element-b7aa327 elementor-widget__width-initial e-transform e-transform elementor-invisible elementor-widget elementor-widget-image\" data-id=\"b7aa327\" data-element_type=\"widget\" data-e-type=\"widget\" data-settings=\"{&quot;_transform_rotateZ_effect&quot;:{&quot;unit&quot;:&quot;px&quot;,&quot;size&quot;:13,&quot;sizes&quot;:[]},&quot;_animation&quot;:&quot;zoomIn&quot;,&quot;_transform_rotateZ_effect_tablet&quot;:{&quot;unit&quot;:&quot;deg&quot;,&quot;size&quot;:&quot;&quot;,&quot;sizes&quot;:[]},&quot;_transform_rotateZ_effect_mobile&quot;:{&quot;unit&quot;:&quot;deg&quot;,&quot;size&quot;:&quot;&quot;,&quot;sizes&quot;:[]},&quot;_transform_translateX_effect&quot;:{&quot;unit&quot;:&quot;px&quot;,&quot;size&quot;:&quot;&quot;,&quot;sizes&quot;:[]},&quot;_transform_translateX_effect_tablet&quot;:{&quot;unit&quot;:&quot;px&quot;,&quot;size&quot;:&quot;&quot;,&quot;sizes&quot;:[]},&quot;_transform_translateX_effect_mobile&quot;:{&quot;unit&quot;:&quot;px&quot;,&quot;size&quot;:&quot;&quot;,&quot;sizes&quot;:[]},&quot;_transform_translateY_effect&quot;:{&quot;unit&quot;:&quot;px&quot;,&quot;size&quot;:&quot;&quot;,&quot;sizes&quot;:[]},&quot;_transform_translateY_effect_tablet&quot;:{&quot;unit&quot;:&quot;px&quot;,&quot;size&quot;:&quot;&quot;,&quot;sizes&quot;:[]},&quot;_transform_translateY_effect_mobile&quot;:{&quot;unit&quot;:&quot;px&quot;,&quot;size&quot;:&quot;&quot;,&quot;sizes&quot;:[]}}\" data-widget_type=\"image.default\">\n\t\t\t\t\t\t\t\t\t\t\t\t\t\t\t<img fetchpriority=\"high\" decoding=\"async\" width=\"396\" height=\"198\" src=\"https:\/\/kalwariamtb.bckl.cc\/wp-content\/uploads\/2025\/12\/BicyklPiaseczno_www.png\" class=\"attachment-large size-large wp-image-214\" alt=\"\" srcset=\"https:\/\/kalwariamtb.bckl.cc\/wp-content\/uploads\/2025\/12\/BicyklPiaseczno_www.png 396w, https:\/\/kalwariamtb.bckl.cc\/wp-content\/uploads\/2025\/12\/BicyklPiaseczno_www-300x150.png 300w\" sizes=\"(max-width: 396px) 100vw, 396px\" \/>\t\t\t\t\t\t\t\t\t\t\t\t\t\t\t<\/div>\n\t\t\t\t<div class=\"elementor-element elementor-element-bcca9e5 elementor-invisible elementor-widget elementor-widget-image-carousel\" data-id=\"bcca9e5\" data-element_type=\"widget\" data-e-type=\"widget\" data-settings=\"{&quot;slides_to_show&quot;:&quot;4&quot;,&quot;slides_to_show_tablet&quot;:&quot;3&quot;,&quot;slides_to_scroll&quot;:&quot;1&quot;,&quot;navigation&quot;:&quot;none&quot;,&quot;autoplay_speed&quot;:2000,&quot;speed&quot;:1000,&quot;image_spacing_custom&quot;:{&quot;unit&quot;:&quot;px&quot;,&quot;size&quot;:8,&quot;sizes&quot;:[]},&quot;_animation&quot;:&quot;fadeIn&quot;,&quot;autoplay&quot;:&quot;yes&quot;,&quot;pause_on_hover&quot;:&quot;yes&quot;,&quot;pause_on_interaction&quot;:&quot;yes&quot;,&quot;infinite&quot;:&quot;yes&quot;,&quot;image_spacing_custom_tablet&quot;:{&quot;unit&quot;:&quot;px&quot;,&quot;size&quot;:&quot;&quot;,&quot;sizes&quot;:[]},&quot;image_spacing_custom_mobile&quot;:{&quot;unit&quot;:&quot;px&quot;,&quot;size&quot;:&quot;&quot;,&quot;sizes&quot;:[]}}\" data-widget_type=\"image-carousel.default\">\n\t\t\t\t\t\t\t<div class=\"elementor-image-carousel-wrapper swiper\" role=\"region\" aria-roledescription=\"carousel\" aria-label=\"Karuzela obrazk\u00f3w\" dir=\"ltr\">\n\t\t\t<div class=\"elementor-image-carousel swiper-wrapper\" aria-live=\"off\">\n\t\t\t\t\t\t\t\t<div class=\"swiper-slide\" role=\"group\" aria-roledescription=\"slide\" aria-label=\"1 z 14\"><figure class=\"swiper-slide-inner\"><img decoding=\"async\" class=\"swiper-slide-image\" src=\"https:\/\/kalwariamtb.bckl.cc\/wp-content\/uploads\/2026\/01\/Puchar-Piaseczna-XC-2025-82-1024x683.jpg\" alt=\"Puchar Piaseczna XC 2025 (82)\" \/><\/figure><\/div><div class=\"swiper-slide\" role=\"group\" aria-roledescription=\"slide\" aria-label=\"2 z 14\"><figure class=\"swiper-slide-inner\"><img decoding=\"async\" class=\"swiper-slide-image\" src=\"https:\/\/kalwariamtb.bckl.cc\/wp-content\/uploads\/2025\/12\/XC-Piaseczno-21-1024x683.jpg\" alt=\"XC Piaseczno (21)\" \/><\/figure><\/div><div class=\"swiper-slide\" role=\"group\" aria-roledescription=\"slide\" aria-label=\"3 z 14\"><figure class=\"swiper-slide-inner\"><img decoding=\"async\" class=\"swiper-slide-image\" src=\"https:\/\/kalwariamtb.bckl.cc\/wp-content\/uploads\/2026\/01\/Puchar-Piaseczna-XC-2025-33-1024x683.jpg\" alt=\"Puchar Piaseczna XC 2025 (33)\" \/><\/figure><\/div><div class=\"swiper-slide\" role=\"group\" aria-roledescription=\"slide\" aria-label=\"4 z 14\"><figure class=\"swiper-slide-inner\"><img decoding=\"async\" class=\"swiper-slide-image\" src=\"https:\/\/kalwariamtb.bckl.cc\/wp-content\/uploads\/2026\/01\/Puchar-Piaseczna-XC-2025-8-1024x683.jpg\" alt=\"Puchar Piaseczna XC 2025 (8)\" \/><\/figure><\/div><div class=\"swiper-slide\" role=\"group\" aria-roledescription=\"slide\" aria-label=\"5 z 14\"><figure class=\"swiper-slide-inner\"><img decoding=\"async\" class=\"swiper-slide-image\" src=\"https:\/\/kalwariamtb.bckl.cc\/wp-content\/uploads\/2025\/12\/IMG_20240509_180308_1-1-1-1024x683.jpg\" alt=\"rpt\" \/><\/figure><\/div><div class=\"swiper-slide\" role=\"group\" aria-roledescription=\"slide\" aria-label=\"6 z 14\"><figure class=\"swiper-slide-inner\"><img decoding=\"async\" class=\"swiper-slide-image\" src=\"https:\/\/kalwariamtb.bckl.cc\/wp-content\/uploads\/2026\/01\/Baranek-2025-Zmniejszone-480-1024x683.jpg\" alt=\"Baranek 2025 Zmniejszone (480)\" \/><\/figure><\/div><div class=\"swiper-slide\" role=\"group\" aria-roledescription=\"slide\" aria-label=\"7 z 14\"><figure class=\"swiper-slide-inner\"><img decoding=\"async\" class=\"swiper-slide-image\" src=\"https:\/\/kalwariamtb.bckl.cc\/wp-content\/uploads\/2026\/01\/Baranek-2025-Zmniejszone-509-1024x683.jpg\" alt=\"Baranek 2025 Zmniejszone (509)\" \/><\/figure><\/div><div class=\"swiper-slide\" role=\"group\" aria-roledescription=\"slide\" aria-label=\"8 z 14\"><figure class=\"swiper-slide-inner\"><img decoding=\"async\" class=\"swiper-slide-image\" src=\"https:\/\/kalwariamtb.bckl.cc\/wp-content\/uploads\/2026\/01\/Baranek-2025-Zmniejszone-608-1024x683.jpg\" alt=\"Baranek 2025 Zmniejszone (608)\" \/><\/figure><\/div><div class=\"swiper-slide\" role=\"group\" aria-roledescription=\"slide\" aria-label=\"9 z 14\"><figure class=\"swiper-slide-inner\"><img decoding=\"async\" class=\"swiper-slide-image\" src=\"https:\/\/kalwariamtb.bckl.cc\/wp-content\/uploads\/2026\/01\/Baranek-2025-Zmniejszone-766-1024x683.jpg\" alt=\"Baranek 2025 Zmniejszone (766)\" \/><\/figure><\/div><div class=\"swiper-slide\" role=\"group\" aria-roledescription=\"slide\" aria-label=\"10 z 14\"><figure class=\"swiper-slide-inner\"><img decoding=\"async\" class=\"swiper-slide-image\" src=\"https:\/\/kalwariamtb.bckl.cc\/wp-content\/uploads\/2026\/01\/Baranek-2025-Zmniejszone-1177-1024x683.jpg\" alt=\"Baranek 2025 Zmniejszone (1177)\" \/><\/figure><\/div><div class=\"swiper-slide\" role=\"group\" aria-roledescription=\"slide\" aria-label=\"11 z 14\"><figure class=\"swiper-slide-inner\"><img decoding=\"async\" class=\"swiper-slide-image\" src=\"https:\/\/kalwariamtb.bckl.cc\/wp-content\/uploads\/2026\/01\/Baranek-2025-Zmniejszone-1319-1024x683.jpg\" alt=\"Baranek 2025 Zmniejszone (1319)\" \/><\/figure><\/div><div class=\"swiper-slide\" role=\"group\" aria-roledescription=\"slide\" aria-label=\"12 z 14\"><figure class=\"swiper-slide-inner\"><img decoding=\"async\" class=\"swiper-slide-image\" src=\"https:\/\/kalwariamtb.bckl.cc\/wp-content\/uploads\/2026\/01\/Baranek-2025-Zmniejszone-1178-1024x683.jpg\" alt=\"Baranek 2025 Zmniejszone (1178)\" \/><\/figure><\/div><div class=\"swiper-slide\" role=\"group\" aria-roledescription=\"slide\" aria-label=\"13 z 14\"><figure class=\"swiper-slide-inner\"><img decoding=\"async\" class=\"swiper-slide-image\" src=\"https:\/\/kalwariamtb.bckl.cc\/wp-content\/uploads\/2026\/01\/Baranek-2025-Zmniejszone-1226-1024x683.jpg\" alt=\"Baranek 2025 Zmniejszone (1226)\" \/><\/figure><\/div><div class=\"swiper-slide\" role=\"group\" aria-roledescription=\"slide\" aria-label=\"14 z 14\"><figure class=\"swiper-slide-inner\"><img decoding=\"async\" class=\"swiper-slide-image\" src=\"https:\/\/kalwariamtb.bckl.cc\/wp-content\/uploads\/2026\/01\/Baranek-2025-Zmniejszone-543-1024x683.jpg\" alt=\"Baranek 2025 Zmniejszone (543)\" \/><\/figure><\/div>\t\t\t<\/div>\n\t\t\t\t\t\t\t\n\t\t\t\t\t\t\t\t\t<\/div>\n\t\t\t\t\t\t<\/div>\n\t\t\t\t<\/div>\n\t\t\t\t<div class=\"elementor-element elementor-element-a8ce929 animated-slow elementor-invisible elementor-widget elementor-widget-text-editor\" data-id=\"a8ce929\" data-element_type=\"widget\" data-e-type=\"widget\" data-settings=\"{&quot;_animation&quot;:&quot;fadeIn&quot;}\" data-widget_type=\"text-editor.default\">\n\t\t\t\t\t\t\t\t\t<p data-start=\"146\" data-end=\"598\">We wsp\u00f3\u0142pracy z OSiR G\u00f3ra Kalwaria podj\u0119li\u015bmy decyzj\u0119 o stworzeniu nowego wydarzenia na kolarskiej mapie Polski \u2013 wy\u015bcigu MTB Marathon rozgrywanego na terenie Gminy G\u00f3ra Kalwaria. To miejsce od lat uznawane jest za jedno z centr\u00f3w kolarstwa w Wojew\u00f3dztwie Mazowieckim, a by\u0107 mo\u017ce i w ca\u0142ym kraju. Do inicjatywy z entuzjazmem do\u0142\u0105czy\u0142 r\u00f3wnie\u017c Urz\u0105d Gminy G\u00f3ra Kalwaria, dzi\u0119ki czemu zapad\u0142a ostateczna decyzja o powo\u0142aniu do \u017cycia <strong>Kalwaria MTB Marathon<\/strong>.<\/p><p data-start=\"600\" data-end=\"1062\">Nasze do\u015bwiadczenie w organizacji zawod\u00f3w takich jak <strong><a href=\"https:\/\/puchar.bckl.cc\/\" target=\"_blank\" rel=\"noopener\">Puchar Piaseczna XC<\/a> <\/strong>oraz <strong><a href=\"https:\/\/baranek.bckl.cc\/\" target=\"_blank\" rel=\"noopener\">Piaseczy\u0144ski Baranek<\/a><\/strong> pozwoli\u0142o nam zdoby\u0107 niezb\u0119dn\u0105 wiedz\u0119 i praktyk\u0119 oraz wyznaczy\u0107 wysokie standardy organizacyjne. Obie imprezy s\u0105 dzi\u015b rozpoznawalnymi markami, cenionymi przez zawodnik\u00f3w, kibic\u00f3w, sponsor\u00f3w oraz przedstawicieli samorz\u0105du. Jeste\u015bmy przekonani, \u017ce to do\u015bwiadczenie pozwoli nam sprosta\u0107 kolejnemu wyzwaniu, jakim jest organizacja maratonu MTB na najwy\u017cszym poziomie.<\/p>\t\t\t\t\t\t\t\t<\/div>\n\t\t\t\t<div class=\"elementor-element elementor-element-b23fa82 animated-slow elementor-invisible elementor-widget elementor-widget-text-editor\" data-id=\"b23fa82\" data-element_type=\"widget\" data-e-type=\"widget\" data-settings=\"{&quot;_animation&quot;:&quot;fadeIn&quot;}\" data-widget_type=\"text-editor.default\">\n\t\t\t\t\t\t\t\t\t<p data-start=\"1064\" data-end=\"1148\">Zapraszamy do Gminy G\u00f3ra Kalwaria &#8211; widzimy si\u0119 na starcie <strong data-start=\"1123\" data-end=\"1148\">20 czerwca 2026 roku!<\/strong><\/p>\t\t\t\t\t\t\t\t<\/div>\n\t\t<div class=\"elementor-element elementor-element-438a8bf e-con-full elementor-hidden-mobile e-flex e-con e-child\" data-id=\"438a8bf\" data-element_type=\"container\" data-e-type=\"container\">\n\t\t<div class=\"elementor-element elementor-element-79ce7fa e-con-full e-flex e-con e-child\" data-id=\"79ce7fa\" data-element_type=\"container\" data-e-type=\"container\">\n\t\t\t\t<div class=\"elementor-element elementor-element-4b9fbce elementor-invisible elementor-widget elementor-widget-text-editor\" data-id=\"4b9fbce\" data-element_type=\"widget\" data-e-type=\"widget\" data-settings=\"{&quot;_animation&quot;:&quot;fadeInLeft&quot;}\" data-widget_type=\"text-editor.default\">\n\t\t\t\t\t\t\t\t\t<h5>Sprawd\u017a pozosta\u0142e wy\u015bcigi bicykla!<\/h5>\t\t\t\t\t\t\t\t<\/div>\n\t\t\t\t<div class=\"elementor-element elementor-element-66f7082 elementor-widget__width-initial elementor-invisible elementor-widget elementor-widget-image\" data-id=\"66f7082\" data-element_type=\"widget\" data-e-type=\"widget\" data-settings=\"{&quot;_animation&quot;:&quot;fadeInLeft&quot;}\" data-widget_type=\"image.default\">\n\t\t\t\t\t\t\t\t\t\t\t\t\t\t\t<img decoding=\"async\" width=\"295\" height=\"142\" src=\"https:\/\/kalwariamtb.bckl.cc\/wp-content\/uploads\/2026\/02\/strzalka2.png\" class=\"attachment-large size-large wp-image-2680\" alt=\"\" \/>\t\t\t\t\t\t\t\t\t\t\t\t\t\t\t<\/div>\n\t\t\t\t<\/div>\n\t\t<div class=\"elementor-element elementor-element-8950d73 e-con-full e-flex e-con e-child\" data-id=\"8950d73\" data-element_type=\"container\" data-e-type=\"container\">\n\t\t<div class=\"elementor-element elementor-element-7a4d4ad e-con-full e-flex e-con e-child\" data-id=\"7a4d4ad\" data-element_type=\"container\" data-e-type=\"container\">\n\t\t\t\t<div class=\"elementor-element elementor-element-cba660b elementor-widget__width-inherit elementor-invisible elementor-widget elementor-widget-image\" data-id=\"cba660b\" data-element_type=\"widget\" data-e-type=\"widget\" data-settings=\"{&quot;_animation&quot;:&quot;zoomIn&quot;}\" data-widget_type=\"image.default\">\n\t\t\t\t\t\t\t\t\t\t\t\t\t\t\t\t<a href=\"https:\/\/baranek.bckl.cc\/\" target=\"_blank\">\n\t\t\t\t\t\t\t<img decoding=\"async\" width=\"300\" height=\"300\" src=\"https:\/\/kalwariamtb.bckl.cc\/wp-content\/uploads\/2026\/02\/baranek-logo_300.png\" class=\"attachment-large size-large wp-image-2643\" alt=\"\" srcset=\"https:\/\/kalwariamtb.bckl.cc\/wp-content\/uploads\/2026\/02\/baranek-logo_300.png 300w, https:\/\/kalwariamtb.bckl.cc\/wp-content\/uploads\/2026\/02\/baranek-logo_300-150x150.png 150w\" sizes=\"(max-width: 300px) 100vw, 300px\" \/>\t\t\t\t\t\t\t\t<\/a>\n\t\t\t\t\t\t\t\t\t\t\t\t\t\t\t<\/div>\n\t\t\t\t<\/div>\n\t\t<div class=\"elementor-element elementor-element-25b760f e-con-full e-flex e-con e-child\" data-id=\"25b760f\" data-element_type=\"container\" data-e-type=\"container\">\n\t\t\t\t<div class=\"elementor-element elementor-element-3afc2aa elementor-widget__width-inherit elementor-invisible elementor-widget elementor-widget-image\" data-id=\"3afc2aa\" data-element_type=\"widget\" data-e-type=\"widget\" data-settings=\"{&quot;_animation&quot;:&quot;zoomIn&quot;}\" data-widget_type=\"image.default\">\n\t\t\t\t\t\t\t\t\t\t\t\t\t\t\t\t<a href=\"https:\/\/puchar.bckl.cc\/\" target=\"_blank\">\n\t\t\t\t\t\t\t<img loading=\"lazy\" decoding=\"async\" width=\"300\" height=\"300\" src=\"https:\/\/kalwariamtb.bckl.cc\/wp-content\/uploads\/2026\/02\/Puchar-Piaseczna-logo-RGB-300x300-1.png\" class=\"attachment-large size-large wp-image-2644\" alt=\"\" srcset=\"https:\/\/kalwariamtb.bckl.cc\/wp-content\/uploads\/2026\/02\/Puchar-Piaseczna-logo-RGB-300x300-1.png 300w, https:\/\/kalwariamtb.bckl.cc\/wp-content\/uploads\/2026\/02\/Puchar-Piaseczna-logo-RGB-300x300-1-150x150.png 150w\" sizes=\"(max-width: 300px) 100vw, 300px\" \/>\t\t\t\t\t\t\t\t<\/a>\n\t\t\t\t\t\t\t\t\t\t\t\t\t\t\t<\/div>\n\t\t\t\t<\/div>\n\t\t\t\t<\/div>\n\t\t\t\t<\/div>\n\t\t<div class=\"elementor-element elementor-element-65e93ce e-con-full elementor-hidden-desktop elementor-hidden-tablet e-flex e-con e-child\" data-id=\"65e93ce\" data-element_type=\"container\" data-e-type=\"container\">\n\t\t<div class=\"elementor-element elementor-element-9629240 e-con-full e-flex e-con e-child\" data-id=\"9629240\" data-element_type=\"container\" data-e-type=\"container\">\n\t\t\t\t<div class=\"elementor-element elementor-element-a682b6e elementor-invisible elementor-widget elementor-widget-text-editor\" data-id=\"a682b6e\" data-element_type=\"widget\" data-e-type=\"widget\" data-settings=\"{&quot;_animation&quot;:&quot;fadeInLeft&quot;,&quot;_animation_mobile&quot;:&quot;fadeInDown&quot;}\" data-widget_type=\"text-editor.default\">\n\t\t\t\t\t\t\t\t\t<h5>Sprawd\u017a pozosta\u0142e<br \/>wy\u015bcigi bicykla!<\/h5>\t\t\t\t\t\t\t\t<\/div>\n\t\t\t\t<div class=\"elementor-element elementor-element-31f6064 elementor-widget__width-initial elementor-invisible elementor-widget elementor-widget-image\" data-id=\"31f6064\" data-element_type=\"widget\" data-e-type=\"widget\" data-settings=\"{&quot;_animation&quot;:&quot;fadeInLeft&quot;,&quot;_animation_mobile&quot;:&quot;fadeInDown&quot;}\" data-widget_type=\"image.default\">\n\t\t\t\t\t\t\t\t\t\t\t\t\t\t\t<img loading=\"lazy\" decoding=\"async\" width=\"143\" height=\"296\" src=\"https:\/\/kalwariamtb.bckl.cc\/wp-content\/uploads\/2026\/02\/strzalka3.png\" class=\"attachment-large size-large wp-image-2701\" alt=\"\" \/>\t\t\t\t\t\t\t\t\t\t\t\t\t\t\t<\/div>\n\t\t\t\t<\/div>\n\t\t<div class=\"elementor-element elementor-element-0b01030 e-con-full e-flex e-con e-child\" data-id=\"0b01030\" data-element_type=\"container\" data-e-type=\"container\">\n\t\t<div class=\"elementor-element elementor-element-864ee0f e-con-full e-flex e-con e-child\" data-id=\"864ee0f\" data-element_type=\"container\" data-e-type=\"container\">\n\t\t\t\t<div class=\"elementor-element elementor-element-1cf0ccc elementor-widget__width-inherit elementor-invisible elementor-widget elementor-widget-image\" data-id=\"1cf0ccc\" data-element_type=\"widget\" data-e-type=\"widget\" data-settings=\"{&quot;_animation_mobile&quot;:&quot;fadeIn&quot;,&quot;_animation&quot;:&quot;zoomIn&quot;}\" data-widget_type=\"image.default\">\n\t\t\t\t\t\t\t\t\t\t\t\t\t\t\t\t<a href=\"https:\/\/baranek.bckl.cc\/\" target=\"_blank\">\n\t\t\t\t\t\t\t<img decoding=\"async\" width=\"300\" height=\"300\" src=\"https:\/\/kalwariamtb.bckl.cc\/wp-content\/uploads\/2026\/02\/baranek-logo_300.png\" class=\"attachment-large size-large wp-image-2643\" alt=\"\" srcset=\"https:\/\/kalwariamtb.bckl.cc\/wp-content\/uploads\/2026\/02\/baranek-logo_300.png 300w, https:\/\/kalwariamtb.bckl.cc\/wp-content\/uploads\/2026\/02\/baranek-logo_300-150x150.png 150w\" sizes=\"(max-width: 300px) 100vw, 300px\" \/>\t\t\t\t\t\t\t\t<\/a>\n\t\t\t\t\t\t\t\t\t\t\t\t\t\t\t<\/div>\n\t\t\t\t<\/div>\n\t\t<div class=\"elementor-element elementor-element-c2e8e01 e-con-full e-flex e-con e-child\" data-id=\"c2e8e01\" data-element_type=\"container\" data-e-type=\"container\">\n\t\t\t\t<div class=\"elementor-element elementor-element-31859ce elementor-widget__width-inherit elementor-invisible elementor-widget elementor-widget-image\" data-id=\"31859ce\" data-element_type=\"widget\" data-e-type=\"widget\" data-settings=\"{&quot;_animation_mobile&quot;:&quot;fadeIn&quot;,&quot;_animation&quot;:&quot;zoomIn&quot;}\" data-widget_type=\"image.default\">\n\t\t\t\t\t\t\t\t\t\t\t\t\t\t\t\t<a href=\"https:\/\/puchar.bckl.cc\/\" target=\"_blank\">\n\t\t\t\t\t\t\t<img loading=\"lazy\" decoding=\"async\" width=\"300\" height=\"300\" src=\"https:\/\/kalwariamtb.bckl.cc\/wp-content\/uploads\/2026\/02\/Puchar-Piaseczna-logo-RGB-300x300-1.png\" class=\"attachment-large size-large wp-image-2644\" alt=\"\" srcset=\"https:\/\/kalwariamtb.bckl.cc\/wp-content\/uploads\/2026\/02\/Puchar-Piaseczna-logo-RGB-300x300-1.png 300w, https:\/\/kalwariamtb.bckl.cc\/wp-content\/uploads\/2026\/02\/Puchar-Piaseczna-logo-RGB-300x300-1-150x150.png 150w\" sizes=\"(max-width: 300px) 100vw, 300px\" \/>\t\t\t\t\t\t\t\t<\/a>\n\t\t\t\t\t\t\t\t\t\t\t\t\t\t\t<\/div>\n\t\t\t\t<\/div>\n\t\t\t\t<\/div>\n\t\t\t\t<\/div>\n\t\t\t\t\t<\/div>\n\t\t\t\t<\/div>\n\t\t\t\t<\/div>\n\t\t","protected":false},"excerpt":{"rendered":"<p>Kolarski Klub Sportowy Bicykl Piaseczno Kolarski Klub Sportowy Bicykl Piaseczno Jeste\u015bmy stowarzyszeniem dzia\u0142aj\u0105cym w ramach Sportowego Klubu Kolarskiego Bicykl Piaseczno, zrzeszaj\u0105cego pasjonat\u00f3w kolarstwa szosowego, g\u00f3rskiego oraz gravelowego. Od lat aktywnie dzia\u0142amy lokalnie na terenie gmin Piaseczno i G\u00f3ra Kalwaria, promuj\u0105c kolarstwo i aktywny tryb \u017cycia. Aktywizujemy lokaln\u0105 spo\u0142eczno\u015b\u0107 kolarsk\u0105, organizuj\u0105c regularne wsp\u00f3lne treningi \u2013 m.in. [&hellip;]<\/p>\n","protected":false},"author":1,"featured_media":0,"parent":0,"menu_order":0,"comment_status":"closed","ping_status":"closed","template":"","meta":{"footnotes":""},"class_list":["post-177","page","type-page","status-publish","hentry"],"_links":{"self":[{"href":"https:\/\/kalwariamtb.bckl.cc\/index.php?rest_route=\/wp\/v2\/pages\/177","targetHints":{"allow":["GET"]}}],"collection":[{"href":"https:\/\/kalwariamtb.bckl.cc\/index.php?rest_route=\/wp\/v2\/pages"}],"about":[{"href":"https:\/\/kalwariamtb.bckl.cc\/index.php?rest_route=\/wp\/v2\/types\/page"}],"author":[{"embeddable":true,"href":"https:\/\/kalwariamtb.bckl.cc\/index.php?rest_route=\/wp\/v2\/users\/1"}],"replies":[{"embeddable":true,"href":"https:\/\/kalwariamtb.bckl.cc\/index.php?rest_route=%2Fwp%2Fv2%2Fcomments&post=177"}],"version-history":[{"count":274,"href":"https:\/\/kalwariamtb.bckl.cc\/index.php?rest_route=\/wp\/v2\/pages\/177\/revisions"}],"predecessor-version":[{"id":3070,"href":"https:\/\/kalwariamtb.bckl.cc\/index.php?rest_route=\/wp\/v2\/pages\/177\/revisions\/3070"}],"wp:attachment":[{"href":"https:\/\/kalwariamtb.bckl.cc\/index.php?rest_route=%2Fwp%2Fv2%2Fmedia&parent=177"}],"curies":[{"name":"wp","href":"https:\/\/api.w.org\/{rel}","templated":true}]}}