{"id":1849,"date":"2025-12-29T19:30:49","date_gmt":"2025-12-29T18:30:49","guid":{"rendered":"https:\/\/kalwariamtb.bckl.cc\/?page_id=1849"},"modified":"2026-03-16T15:48:53","modified_gmt":"2026-03-16T14:48:53","slug":"piknik-rowerowy","status":"publish","type":"page","link":"https:\/\/kalwariamtb.bckl.cc\/?page_id=1849","title":{"rendered":"Piknik rowerowy"},"content":{"rendered":"\t\t<div data-elementor-type=\"wp-page\" data-elementor-id=\"1849\" class=\"elementor elementor-1849\" data-elementor-post-type=\"page\">\n\t\t\t\t<div class=\"elementor-element elementor-element-c159cff e-flex e-con-boxed e-con e-parent\" data-id=\"c159cff\" data-element_type=\"container\" data-e-type=\"container\" data-settings=\"{&quot;background_background&quot;:&quot;classic&quot;,&quot;shape_divider_top&quot;:&quot;pyramids&quot;,&quot;shape_divider_bottom&quot;:&quot;pyramids&quot;}\">\n\t\t\t\t\t<div class=\"e-con-inner\">\n\t\t\t\t<div class=\"elementor-shape elementor-shape-top\" aria-hidden=\"true\" data-negative=\"false\">\n\t\t\t<svg xmlns=\"http:\/\/www.w3.org\/2000\/svg\" viewBox=\"0 0 1000 100\" preserveAspectRatio=\"none\">\n\t<path class=\"elementor-shape-fill\" d=\"M761.9,44.1L643.1,27.2L333.8,98L0,3.8V0l1000,0v3.9\"\/>\n<\/svg>\t\t<\/div>\n\t\t\t\t<div class=\"elementor-shape elementor-shape-bottom\" aria-hidden=\"true\" data-negative=\"false\">\n\t\t\t<svg xmlns=\"http:\/\/www.w3.org\/2000\/svg\" viewBox=\"0 0 1000 100\" preserveAspectRatio=\"none\">\n\t<path class=\"elementor-shape-fill\" d=\"M761.9,44.1L643.1,27.2L333.8,98L0,3.8V0l1000,0v3.9\"\/>\n<\/svg>\t\t<\/div>\n\t\t\t\t<div class=\"elementor-element elementor-element-570b4bd elementor-invisible elementor-widget elementor-widget-text-editor\" data-id=\"570b4bd\" data-element_type=\"widget\" data-e-type=\"widget\" data-settings=\"{&quot;_animation&quot;:&quot;fadeInLeft&quot;}\" data-widget_type=\"text-editor.default\">\n\t\t\t\t\t\t\t\t\t<h5>Piknik rowerowy<\/h5>\t\t\t\t\t\t\t\t<\/div>\n\t\t\t\t<div class=\"elementor-element elementor-element-0c1dd2d animated-slow elementor-invisible elementor-widget elementor-widget-text-editor\" data-id=\"0c1dd2d\" data-element_type=\"widget\" data-e-type=\"widget\" data-settings=\"{&quot;_animation&quot;:&quot;fadeIn&quot;}\" data-widget_type=\"text-editor.default\">\n\t\t\t\t\t\t\t\t\t<p><strong data-start=\"58\" data-end=\"83\">Kalwaria MTB Marathon<\/strong> to nie tylko wydarzenie sportowe, ale tak\u017ce prawdziwe \u015bwi\u0119to roweru \u2013 piknik rowerowy dla rodzin, dzieci oraz wszystkich mieszka\u0144c\u00f3w G\u00f3ry Kalwarii i okolic. To dzie\u0144 pe\u0142en sportowych emocji, dobrej zabawy i wsp\u00f3lnego sp\u0119dzania czasu. Serdecznie wszystkich zapraszamy!<\/p>\t\t\t\t\t\t\t\t<\/div>\n\t\t\t\t<div class=\"elementor-element elementor-element-33eea66 elementor-invisible elementor-widget elementor-widget-image\" data-id=\"33eea66\" data-element_type=\"widget\" data-e-type=\"widget\" data-settings=\"{&quot;_animation&quot;:&quot;fadeIn&quot;}\" data-widget_type=\"image.default\">\n\t\t\t\t\t\t\t\t\t\t\t\t\t\t\t<img fetchpriority=\"high\" decoding=\"async\" width=\"2040\" height=\"1536\" src=\"https:\/\/kalwariamtb.bckl.cc\/wp-content\/uploads\/2026\/01\/Piknikrowerowy.jpg\" class=\"attachment-full size-full wp-image-2356\" alt=\"\" srcset=\"https:\/\/kalwariamtb.bckl.cc\/wp-content\/uploads\/2026\/01\/Piknikrowerowy.jpg 2040w, https:\/\/kalwariamtb.bckl.cc\/wp-content\/uploads\/2026\/01\/Piknikrowerowy-300x226.jpg 300w, https:\/\/kalwariamtb.bckl.cc\/wp-content\/uploads\/2026\/01\/Piknikrowerowy-1024x771.jpg 1024w, https:\/\/kalwariamtb.bckl.cc\/wp-content\/uploads\/2026\/01\/Piknikrowerowy-768x578.jpg 768w, https:\/\/kalwariamtb.bckl.cc\/wp-content\/uploads\/2026\/01\/Piknikrowerowy-1536x1157.jpg 1536w\" sizes=\"(max-width: 2040px) 100vw, 2040px\" \/>\t\t\t\t\t\t\t\t\t\t\t\t\t\t\t<\/div>\n\t\t\t\t\t<\/div>\n\t\t\t\t<\/div>\n\t\t\t\t<\/div>\n\t\t","protected":false},"excerpt":{"rendered":"<p>Piknik rowerowy Kalwaria MTB Marathon to nie tylko wydarzenie sportowe, ale tak\u017ce prawdziwe \u015bwi\u0119to roweru \u2013 piknik rowerowy dla rodzin, dzieci oraz wszystkich mieszka\u0144c\u00f3w G\u00f3ry Kalwarii i okolic. To dzie\u0144 pe\u0142en sportowych emocji, dobrej zabawy i wsp\u00f3lnego sp\u0119dzania czasu. Serdecznie wszystkich zapraszamy!<\/p>\n","protected":false},"author":1,"featured_media":0,"parent":0,"menu_order":0,"comment_status":"closed","ping_status":"closed","template":"","meta":{"footnotes":""},"class_list":["post-1849","page","type-page","status-publish","hentry"],"_links":{"self":[{"href":"https:\/\/kalwariamtb.bckl.cc\/index.php?rest_route=\/wp\/v2\/pages\/1849","targetHints":{"allow":["GET"]}}],"collection":[{"href":"https:\/\/kalwariamtb.bckl.cc\/index.php?rest_route=\/wp\/v2\/pages"}],"about":[{"href":"https:\/\/kalwariamtb.bckl.cc\/index.php?rest_route=\/wp\/v2\/types\/page"}],"author":[{"embeddable":true,"href":"https:\/\/kalwariamtb.bckl.cc\/index.php?rest_route=\/wp\/v2\/users\/1"}],"replies":[{"embeddable":true,"href":"https:\/\/kalwariamtb.bckl.cc\/index.php?rest_route=%2Fwp%2Fv2%2Fcomments&post=1849"}],"version-history":[{"count":49,"href":"https:\/\/kalwariamtb.bckl.cc\/index.php?rest_route=\/wp\/v2\/pages\/1849\/revisions"}],"predecessor-version":[{"id":2974,"href":"https:\/\/kalwariamtb.bckl.cc\/index.php?rest_route=\/wp\/v2\/pages\/1849\/revisions\/2974"}],"wp:attachment":[{"href":"https:\/\/kalwariamtb.bckl.cc\/index.php?rest_route=%2Fwp%2Fv2%2Fmedia&parent=1849"}],"curies":[{"name":"wp","href":"https:\/\/api.w.org\/{rel}","templated":true}]}}