{"id":189,"date":"2025-12-17T11:14:36","date_gmt":"2025-12-17T11:14:36","guid":{"rendered":"https:\/\/kalwariamtb.bckl.cc\/?page_id=189"},"modified":"2026-03-27T09:28:01","modified_gmt":"2026-03-27T08:28:01","slug":"kontakt","status":"publish","type":"page","link":"https:\/\/kalwariamtb.bckl.cc\/?page_id=189","title":{"rendered":"Kontakt"},"content":{"rendered":"\t\t<div data-elementor-type=\"wp-page\" data-elementor-id=\"189\" class=\"elementor elementor-189\" data-elementor-post-type=\"page\">\n\t\t\t\t<div class=\"elementor-element elementor-element-df9cb17 e-flex e-con-boxed e-con e-parent\" data-id=\"df9cb17\" data-element_type=\"container\" data-e-type=\"container\" data-settings=\"{&quot;background_background&quot;:&quot;classic&quot;,&quot;shape_divider_top&quot;:&quot;pyramids&quot;,&quot;shape_divider_bottom&quot;:&quot;pyramids&quot;}\">\n\t\t\t\t\t<div class=\"e-con-inner\">\n\t\t\t\t<div class=\"elementor-shape elementor-shape-top\" aria-hidden=\"true\" data-negative=\"false\">\n\t\t\t<svg xmlns=\"http:\/\/www.w3.org\/2000\/svg\" viewBox=\"0 0 1000 100\" preserveAspectRatio=\"none\">\n\t<path class=\"elementor-shape-fill\" d=\"M761.9,44.1L643.1,27.2L333.8,98L0,3.8V0l1000,0v3.9\"\/>\n<\/svg>\t\t<\/div>\n\t\t\t\t<div class=\"elementor-shape elementor-shape-bottom\" aria-hidden=\"true\" data-negative=\"false\">\n\t\t\t<svg xmlns=\"http:\/\/www.w3.org\/2000\/svg\" viewBox=\"0 0 1000 100\" preserveAspectRatio=\"none\">\n\t<path class=\"elementor-shape-fill\" d=\"M761.9,44.1L643.1,27.2L333.8,98L0,3.8V0l1000,0v3.9\"\/>\n<\/svg>\t\t<\/div>\n\t\t<div class=\"elementor-element elementor-element-eb1b1cb e-con-full e-flex e-con e-child\" data-id=\"eb1b1cb\" data-element_type=\"container\" data-e-type=\"container\">\n\t\t\t\t<div class=\"elementor-element elementor-element-77a2c3e elementor-hidden-tablet elementor-hidden-mobile elementor-invisible elementor-widget elementor-widget-text-editor\" data-id=\"77a2c3e\" data-element_type=\"widget\" data-e-type=\"widget\" data-settings=\"{&quot;_animation&quot;:&quot;fadeInLeft&quot;,&quot;_animation_mobile&quot;:&quot;fadeInLeft&quot;}\" data-widget_type=\"text-editor.default\">\n\t\t\t\t\t\t\t\t\t<h5>Kolarski Klub Sportowy Bicykl Piaseczno<\/h5>\t\t\t\t\t\t\t\t<\/div>\n\t\t\t\t<div class=\"elementor-element elementor-element-5b62604 elementor-hidden-desktop elementor-invisible elementor-widget elementor-widget-text-editor\" data-id=\"5b62604\" data-element_type=\"widget\" data-e-type=\"widget\" data-settings=\"{&quot;_animation&quot;:&quot;fadeInLeft&quot;,&quot;_animation_mobile&quot;:&quot;fadeInLeft&quot;}\" data-widget_type=\"text-editor.default\">\n\t\t\t\t\t\t\t\t\t<h5>Kolarski Klub Sportowy<\/h5>\t\t\t\t\t\t\t\t<\/div>\n\t\t\t\t<div class=\"elementor-element elementor-element-e59a3c0 elementor-hidden-desktop elementor-invisible elementor-widget elementor-widget-text-editor\" data-id=\"e59a3c0\" data-element_type=\"widget\" data-e-type=\"widget\" data-settings=\"{&quot;_animation&quot;:&quot;fadeInLeft&quot;,&quot;_animation_mobile&quot;:&quot;fadeInLeft&quot;}\" data-widget_type=\"text-editor.default\">\n\t\t\t\t\t\t\t\t\t<h5>Bicykl Piaseczno<\/h5>\t\t\t\t\t\t\t\t<\/div>\n\t\t\t\t<div class=\"elementor-element elementor-element-c92f25b animated-slow elementor-invisible elementor-widget elementor-widget-text-editor\" data-id=\"c92f25b\" data-element_type=\"widget\" data-e-type=\"widget\" data-settings=\"{&quot;_animation&quot;:&quot;fadeIn&quot;}\" data-widget_type=\"text-editor.default\">\n\t\t\t\t\t\t\t\t\t<p>ul. M\u0142ynarska 6<br \/>05-500 Piaseczno<\/p><p><strong>NIP:<\/strong>\u00a0123 153\u00a0 13 99<br \/><strong>REGON:\u00a0<\/strong>524 83 89 80<br \/><strong>Nr konta:<\/strong>\u00a050 1600 1462 1737 4990 2000 0003<\/p><p><strong>E-mail: <\/strong><a href=\"mailto:kalwariamtbmarathon@gmail.com\" target=\"_blank\" rel=\"noopener\">kalwariamtbmarathon@gmail.com<\/a><\/p><p><strong>Facebook<\/strong>: <a href=\"https:\/\/www.facebook.com\/profile.php?id=61585998118683\" target=\"_blank\" rel=\"noopener\">Kalwaria MTB Marathon<\/a><\/p>\t\t\t\t\t\t\t\t<\/div>\n\t\t<div class=\"elementor-element elementor-element-210a6f9 e-con-full e-flex e-con e-child\" data-id=\"210a6f9\" data-element_type=\"container\" data-e-type=\"container\">\n\t\t\t\t<div class=\"elementor-element elementor-element-b251948 elementor-widget__width-initial elementor-invisible elementor-widget elementor-widget-image\" data-id=\"b251948\" data-element_type=\"widget\" data-e-type=\"widget\" data-settings=\"{&quot;_animation&quot;:&quot;zoomIn&quot;}\" data-widget_type=\"image.default\">\n\t\t\t\t\t\t\t\t\t\t\t\t\t\t\t<img fetchpriority=\"high\" decoding=\"async\" width=\"500\" height=\"500\" src=\"https:\/\/kalwariamtb.bckl.cc\/wp-content\/uploads\/2026\/03\/PawelKowalski.png\" class=\"attachment-large size-large wp-image-3071\" alt=\"\" srcset=\"https:\/\/kalwariamtb.bckl.cc\/wp-content\/uploads\/2026\/03\/PawelKowalski.png 500w, https:\/\/kalwariamtb.bckl.cc\/wp-content\/uploads\/2026\/03\/PawelKowalski-300x300.png 300w, https:\/\/kalwariamtb.bckl.cc\/wp-content\/uploads\/2026\/03\/PawelKowalski-150x150.png 150w\" sizes=\"(max-width: 500px) 100vw, 500px\" \/>\t\t\t\t\t\t\t\t\t\t\t\t\t\t\t<\/div>\n\t\t\t\t<div class=\"elementor-element elementor-element-14d5042 animated-slow elementor-widget__width-initial elementor-hidden-tablet elementor-hidden-mobile elementor-invisible elementor-widget elementor-widget-text-editor\" data-id=\"14d5042\" data-element_type=\"widget\" data-e-type=\"widget\" data-settings=\"{&quot;_animation&quot;:&quot;fadeIn&quot;}\" data-widget_type=\"text-editor.default\">\n\t\t\t\t\t\t\t\t\t<p><strong>Dyrektor wy\u015bcigu<\/strong> \u2013 Pawe\u0142 Kowalski<\/p>\t\t\t\t\t\t\t\t<\/div>\n\t\t\t\t<div class=\"elementor-element elementor-element-c445e03 animated-slow elementor-widget__width-initial elementor-hidden-desktop elementor-invisible elementor-widget elementor-widget-text-editor\" data-id=\"c445e03\" data-element_type=\"widget\" data-e-type=\"widget\" data-settings=\"{&quot;_animation&quot;:&quot;fadeIn&quot;}\" data-widget_type=\"text-editor.default\">\n\t\t\t\t\t\t\t\t\t<p><strong>Dyrektor wy\u015bcigu<\/strong><\/p><p>Pawe\u0142 Kowalski<\/p>\t\t\t\t\t\t\t\t<\/div>\n\t\t\t\t<\/div>\n\t\t\t\t<\/div>\n\t\t<div class=\"elementor-element elementor-element-c18dd47 e-con-full e-flex e-con e-child\" data-id=\"c18dd47\" data-element_type=\"container\" data-e-type=\"container\">\n\t\t<div class=\"elementor-element elementor-element-e8bf08f e-con-full e-flex elementor-invisible e-con e-child\" data-id=\"e8bf08f\" data-element_type=\"container\" data-e-type=\"container\" data-settings=\"{&quot;animation_mobile&quot;:&quot;fadeIn&quot;,&quot;animation&quot;:&quot;fadeInLeft&quot;}\">\n\t\t\t\t<div class=\"elementor-element elementor-element-42aa035 elementor-view-default elementor-widget elementor-widget-icon\" data-id=\"42aa035\" data-element_type=\"widget\" data-e-type=\"widget\" data-widget_type=\"icon.default\">\n\t\t\t\t\t\t\t<div class=\"elementor-icon-wrapper\">\n\t\t\t<div class=\"elementor-icon\">\n\t\t\t<svg aria-hidden=\"true\" class=\"e-font-icon-svg e-far-envelope-open\" viewBox=\"0 0 512 512\" xmlns=\"http:\/\/www.w3.org\/2000\/svg\"><path d=\"M494.586 164.516c-4.697-3.883-111.723-89.95-135.251-108.657C337.231 38.191 299.437 0 256 0c-43.205 0-80.636 37.717-103.335 55.859-24.463 19.45-131.07 105.195-135.15 108.549A48.004 48.004 0 0 0 0 201.485V464c0 26.51 21.49 48 48 48h416c26.51 0 48-21.49 48-48V201.509a48 48 0 0 0-17.414-36.993zM464 458a6 6 0 0 1-6 6H54a6 6 0 0 1-6-6V204.347c0-1.813.816-3.526 2.226-4.665 15.87-12.814 108.793-87.554 132.364-106.293C200.755 78.88 232.398 48 256 48c23.693 0 55.857 31.369 73.41 45.389 23.573 18.741 116.503 93.493 132.366 106.316a5.99 5.99 0 0 1 2.224 4.663V458zm-31.991-187.704c4.249 5.159 3.465 12.795-1.745 16.981-28.975 23.283-59.274 47.597-70.929 56.863C336.636 362.283 299.205 400 256 400c-43.452 0-81.287-38.237-103.335-55.86-11.279-8.967-41.744-33.413-70.927-56.865-5.21-4.187-5.993-11.822-1.745-16.981l15.258-18.528c4.178-5.073 11.657-5.843 16.779-1.726 28.618 23.001 58.566 47.035 70.56 56.571C200.143 320.631 232.307 352 256 352c23.602 0 55.246-30.88 73.41-45.389 11.994-9.535 41.944-33.57 70.563-56.568 5.122-4.116 12.601-3.346 16.778 1.727l15.258 18.526z\"><\/path><\/svg>\t\t\t<\/div>\n\t\t<\/div>\n\t\t\t\t\t\t<\/div>\n\t\t\t\t<div class=\"elementor-element elementor-element-8b88464 elementor-widget elementor-widget-text-editor\" data-id=\"8b88464\" data-element_type=\"widget\" data-e-type=\"widget\" data-widget_type=\"text-editor.default\">\n\t\t\t\t\t\t\t\t\t<p>Napisz do nas<\/p>\t\t\t\t\t\t\t\t<\/div>\n\t\t\t\t<\/div>\n\t\t\t\t<div class=\"elementor-element elementor-element-acd44b6 fluentform-widget-submit-button-center elementor-widget-mobile__width-inherit animated-slow elementor-widget__width-inherit fluentform-widget-submit-button-custom elementor-invisible elementor-widget elementor-widget-fluent-form-widget\" data-id=\"acd44b6\" data-element_type=\"widget\" data-e-type=\"widget\" data-settings=\"{&quot;_animation&quot;:&quot;fadeIn&quot;}\" data-widget_type=\"fluent-form-widget.default\">\n\t\t\t\t<div class=\"elementor-widget-container\">\n\t\t\t\t\t\n            <div class=\"fluentform-widget-wrapper hide-placeholder fluentform-widget-align-left\">\n\n            \n            <div class='fluentform ff-default fluentform_wrapper_1 ffs_default_wrap'><form data-form_id=\"1\" id=\"fluentform_1\" class=\"frm-fluent-form fluent_form_1 ff-el-form-top ff_form_instance_1_1 ff-form-loading ff_has_v3_recptcha ffs_default\" data-form_instance=\"ff_form_instance_1_1\" method=\"POST\" data-recptcha_key=\"6LdXcH8sAAAAAN6_QKewpwLnWVvJ2oIemxGzZdnR\" ><fieldset  style=\"border: none!important;margin: 0!important;padding: 0!important;background-color: transparent!important;box-shadow: none!important;outline: none!important; min-inline-size: 100%;\">\n                    <legend class=\"ff_screen_reader_title\" style=\"display: block; margin: 0!important;padding: 0!important;height: 0!important;text-indent: -999999px;width: 0!important;overflow:hidden;\">Formularz kontaktowy Kalwaria MTB Marathon<\/legend><input type='hidden' name='__fluent_form_embded_post_id' value='189' \/><input type=\"hidden\" id=\"_fluentform_1_fluentformnonce\" name=\"_fluentform_1_fluentformnonce\" value=\"1280726849\" \/><input type=\"hidden\" name=\"_wp_http_referer\" value=\"\/index.php?rest_route=%2Fwp%2Fv2%2Fpages%2F189\" \/><div data-type=\"name-element\" data-name=\"names\" class=\" ff-field_container ff-name-field-wrapper\" ><div class='ff-t-container'><div class='ff-t-cell '><div class='ff-el-group'><div class=\"ff-el-input--label ff-el-is-required asterisk-right\"><label for='ff_1_names_first_name_' id='label_ff_1_names_first_name_' >Imi\u0119<\/label><\/div><div class='ff-el-input--content'><input type=\"text\" name=\"names[first_name]\" id=\"ff_1_names_first_name_\" class=\"ff-el-form-control\" placeholder=\"Imi\u0119\" aria-invalid=\"false\" aria-required=true><\/div><\/div><\/div><div class='ff-t-cell '><div class='ff-el-group'><div class=\"ff-el-input--label ff-el-is-required asterisk-right\"><label for='ff_1_names_last_name_' id='label_ff_1_names_last_name_' >Nazwisko<\/label><\/div><div class='ff-el-input--content'><input type=\"text\" name=\"names[last_name]\" id=\"ff_1_names_last_name_\" class=\"ff-el-form-control\" placeholder=\"Nazwisko\" aria-invalid=\"false\" aria-required=true><\/div><\/div><\/div><\/div><\/div><div class='ff-el-group'><div class=\"ff-el-input--label ff-el-is-required asterisk-right\"><label for='ff_1_email' id='label_ff_1_email' aria-label=\"Email\">Email<\/label><\/div><div class='ff-el-input--content'><input type=\"email\" name=\"email\" id=\"ff_1_email\" class=\"ff-el-form-control\" placeholder=\"Email\" data-name=\"email\"  aria-invalid=\"false\" aria-required=true><\/div><\/div><div class='ff-el-group'><div class=\"ff-el-input--label asterisk-right\"><label for='ff_1_subject' id='label_ff_1_subject' aria-label=\"Temat\">Temat<\/label><\/div><div class='ff-el-input--content'><input type=\"text\" name=\"subject\" class=\"ff-el-form-control\" placeholder=\"Temat\" data-name=\"subject\" id=\"ff_1_subject\"  aria-invalid=\"false\" aria-required=false><\/div><\/div><div class='ff-el-group'><div class=\"ff-el-input--label ff-el-is-required asterisk-right\"><label for='ff_1_message' id='label_ff_1_message' aria-label=\"Twoja wiadomo\u015b\u0107\">Twoja wiadomo\u015b\u0107<\/label><\/div><div class='ff-el-input--content'><textarea aria-required=\"true\" aria-labelledby=\"label_ff_1_message\" name=\"message\" id=\"ff_1_message\" class=\"ff-el-form-control\" placeholder=\"Twoja wiadomo\u015b\u0107\" rows=\"4\" cols=\"1\" data-name=\"message\" ><\/textarea><\/div><\/div><div class='ff-el-group ff-text-left ff_submit_btn_wrapper'><button type=\"submit\" class=\"ff-btn ff-btn-submit ff-btn-md ff_btn_style\"  aria-label=\"Wy\u015blij\">Wy\u015blij<\/button><\/div><\/fieldset><\/form><div id='fluentform_1_errors' class='ff-errors-in-stack ff_form_instance_1_1 ff-form-loading_errors ff_form_instance_1_1_errors'><\/div><\/div>            <script type=\"text\/javascript\">\n                window.fluent_form_ff_form_instance_1_1 = {\"id\":\"1\",\"settings\":{\"layout\":{\"labelPlacement\":\"top\",\"helpMessagePlacement\":\"with_label\",\"errorMessagePlacement\":\"inline\",\"cssClassName\":\"\",\"asteriskPlacement\":\"asterisk-right\"},\"restrictions\":{\"denyEmptySubmission\":{\"enabled\":false}}},\"form_instance\":\"ff_form_instance_1_1\",\"form_id_selector\":\"fluentform_1\",\"rules\":{\"names[first_name]\":{\"required\":{\"value\":true,\"message\":\"To pole jest wymagane.\",\"global\":false,\"global_message\":\"Wype\\u0142nij brakuj\\u0105ce pole\"}},\"names[middle_name]\":{\"required\":{\"value\":false,\"message\":\"This field is required\",\"global\":false,\"global_message\":\"Wype\\u0142nij brakuj\\u0105ce pole\"}},\"names[last_name]\":{\"required\":{\"value\":true,\"message\":\"To pole jest wymagane.\",\"global\":false,\"global_message\":\"Wype\\u0142nij brakuj\\u0105ce pole\"}},\"email\":{\"required\":{\"value\":true,\"message\":\"To pole jest wymagane.\",\"global\":false,\"global_message\":\"Wype\\u0142nij brakuj\\u0105ce pole\"},\"email\":{\"value\":true,\"message\":\"Wpisz prawid\\u0142owy adres email.\",\"global\":false,\"global_message\":\"Wpisz prawid\\u0142owy email\"}},\"subject\":{\"required\":{\"value\":false,\"message\":\"This field is required\",\"global\":false,\"global_message\":\"Wype\\u0142nij brakuj\\u0105ce pole\"}},\"message\":{\"required\":{\"value\":true,\"message\":\"To pole jest wymagane.\",\"global\":false,\"global_message\":\"Wype\\u0142nij brakuj\\u0105ce pole\"}},\"g-recaptcha-response\":[]},\"debounce_time\":300};\n                            <\/script>\n                        <\/div>\n\n            \t\t\t\t<\/div>\n\t\t\t\t<\/div>\n\t\t\t\t<\/div>\n\t\t\t\t\t<\/div>\n\t\t\t\t<\/div>\n\t\t\t\t<\/div>\n\t\t","protected":false},"excerpt":{"rendered":"<p>Kolarski Klub Sportowy Bicykl Piaseczno Kolarski Klub Sportowy Bicykl Piaseczno ul. M\u0142ynarska 605-500 Piaseczno NIP:\u00a0123 153\u00a0 13 99REGON:\u00a0524 83 89 80Nr konta:\u00a050 1600 1462 1737 4990 2000 0003 E-mail: kalwariamtbmarathon@gmail.com Facebook: Kalwaria MTB Marathon Dyrektor wy\u015bcigu \u2013 Pawe\u0142 Kowalski Dyrektor wy\u015bcigu Pawe\u0142 Kowalski Napisz do nas Formularz kontaktowy Kalwaria MTB Marathon Imi\u0119NazwiskoEmailTematTwoja wiadomo\u015b\u0107Wy\u015blij<\/p>\n","protected":false},"author":1,"featured_media":0,"parent":0,"menu_order":0,"comment_status":"closed","ping_status":"closed","template":"","meta":{"footnotes":""},"class_list":["post-189","page","type-page","status-publish","hentry"],"_links":{"self":[{"href":"https:\/\/kalwariamtb.bckl.cc\/index.php?rest_route=\/wp\/v2\/pages\/189","targetHints":{"allow":["GET"]}}],"collection":[{"href":"https:\/\/kalwariamtb.bckl.cc\/index.php?rest_route=\/wp\/v2\/pages"}],"about":[{"href":"https:\/\/kalwariamtb.bckl.cc\/index.php?rest_route=\/wp\/v2\/types\/page"}],"author":[{"embeddable":true,"href":"https:\/\/kalwariamtb.bckl.cc\/index.php?rest_route=\/wp\/v2\/users\/1"}],"replies":[{"embeddable":true,"href":"https:\/\/kalwariamtb.bckl.cc\/index.php?rest_route=%2Fwp%2Fv2%2Fcomments&post=189"}],"version-history":[{"count":208,"href":"https:\/\/kalwariamtb.bckl.cc\/index.php?rest_route=\/wp\/v2\/pages\/189\/revisions"}],"predecessor-version":[{"id":3114,"href":"https:\/\/kalwariamtb.bckl.cc\/index.php?rest_route=\/wp\/v2\/pages\/189\/revisions\/3114"}],"wp:attachment":[{"href":"https:\/\/kalwariamtb.bckl.cc\/index.php?rest_route=%2Fwp%2Fv2%2Fmedia&parent=189"}],"curies":[{"name":"wp","href":"https:\/\/api.w.org\/{rel}","templated":true}]}}